{"id":337,"date":"2019-03-22T19:30:57","date_gmt":"2019-03-22T19:30:57","guid":{"rendered":"http:\/\/clientesinterativa.com.br\/dgt\/orofacialestetica\/novo\/?page_id=337"},"modified":"2022-11-23T13:04:16","modified_gmt":"2022-11-23T13:04:16","slug":"conheca-nos","status":"publish","type":"page","link":"https:\/\/orofacialnatal.com.br\/index.php\/conheca-nos\/","title":{"rendered":"CONHE\u00c7A-NOS"},"content":{"rendered":"\n<h2>Saiba mais sobre a <strong>Orofacial Natal<\/strong><\/h2>\n\n\n\n<p>Na vida estamos sempre em busca de conquistas e acolhimento em cada situa\u00e7\u00e3o, e a <strong>Orofacial Natal &#8211; Est\u00e9tica e Reabilita\u00e7\u00e3o<\/strong> define nosso desejo em busca de uma satisfa\u00e7\u00e3o pessoal e, em muitos momentos, este quadro \u00e9 um simples desejo em aliviar sua \u201cdor\u201d. E o que \u00e9 esta \u201cdor?\u201d Dentaria, em todo o corpo, na cabe\u00e7a (cefaleia)&#8230;S\u00e3o muitos questionamentos, por isso que a Orofacial montou uma equipe para um trabalho interdisciplinar em ambiente com conforto para que a satisfa\u00e7\u00e3o pessoal seja o seu prazer.<\/p>\n\n\n\n<p>S\u00e3o muitos os fatores que d\u00e3o origem ao problema e esta din\u00e2mica cria uma rela\u00e7\u00e3o de origem\/consequ\u00eancia e, por sua vez, cria um elo entre especialidades da \u00e1rea da sa\u00fade. A \u201c dor orofacial\u201d pode estar ligada a fatores externos (traumas, altera\u00e7\u00e3o de postura, desequil\u00edbrios da coluna, fatores cong\u00eanitos, dist\u00farbios emocionais) e internos (desgastes dent\u00e1rios, altera\u00e7\u00f5es estruturais nas ATM&#8217;s, m\u00e1 oclus\u00e3o\/contatos prematuros).<\/p>\n\n\n\n<p>Aqui, na <strong>Orofacial Natal<\/strong>, dispomos de todos os servi\u00e7os conveniados da odontologia e de uma equipe altamente qualificada que trabalha de forma interativa na busca do diagn\u00f3stico e tratamento personalizado para seu equil\u00edbrio f\u00edsico e emocional.<\/p>\n\n\n\n<h5 class=\"has-text-align-center\">Orofacial Natal<br>Est\u00e9tica e Reabilita\u00e7\u00e3o<\/h5>\n\n\n\n<h4 class=\"has-text-align-center\"> Viver sem dor<\/h4>\n\n\n\n<hr class=\"wp-block-separator\"\/>\n\n\n\n<h2>Nossa Equipe<\/h2>\n\n\n\n<p><a href=\"https:\/\/orofacialnatal.com.br\/index.php\/equipes\/\">Clique aqui para conhecer melhor cada membro da nossa equipe<\/a><\/p>\n\n\n\n<figure class=\"wp-block-gallery has-nested-images columns-4 is-cropped\">\n<figure class=\"wp-block-image\"><a href=\"https:\/\/orofacialnatal.com.br\/wp-content\/uploads\/2019\/07\/Orofacial_Dez2018-324.jpg\"><img loading=\"lazy\" width=\"1000\" height=\"666\" data-id=\"452\"  src=\"https:\/\/orofacialnatal.com.br\/wp-content\/uploads\/2019\/07\/Orofacial_Dez2018-324.jpg\" alt=\"Haiane, Moema e Dennysson s\u00e3o profissionais da nossa equipe\" class=\"wp-image-452\" srcset=\"https:\/\/orofacialnatal.com.br\/wp-content\/uploads\/2019\/07\/Orofacial_Dez2018-324.jpg 1000w, https:\/\/orofacialnatal.com.br\/wp-content\/uploads\/2019\/07\/Orofacial_Dez2018-324-300x200.jpg 300w, https:\/\/orofacialnatal.com.br\/wp-content\/uploads\/2019\/07\/Orofacial_Dez2018-324-768x511.jpg 768w\" sizes=\"(max-width: 1000px) 100vw, 1000px\" \/><\/a><figcaption>Dra. Haiane, Dr. Dennyson e Dra Moema<\/figcaption><\/figure>\n\n\n\n<figure class=\"wp-block-image\"><a href=\"https:\/\/orofacialnatal.com.br\/wp-content\/uploads\/2019\/07\/Orofacial_Dez2018-462.jpg\"><img loading=\"lazy\" width=\"1000\" height=\"666\" data-id=\"438\"  src=\"https:\/\/orofacialnatal.com.br\/wp-content\/uploads\/2019\/07\/Orofacial_Dez2018-462.jpg\" alt=\"Diego e Dom\u00edcio s\u00e3o profissionais da Orofacial Natal\" class=\"wp-image-438\" srcset=\"https:\/\/orofacialnatal.com.br\/wp-content\/uploads\/2019\/07\/Orofacial_Dez2018-462.jpg 1000w, https:\/\/orofacialnatal.com.br\/wp-content\/uploads\/2019\/07\/Orofacial_Dez2018-462-300x200.jpg 300w, https:\/\/orofacialnatal.com.br\/wp-content\/uploads\/2019\/07\/Orofacial_Dez2018-462-768x511.jpg 768w\" sizes=\"(max-width: 1000px) 100vw, 1000px\" \/><\/a><figcaption>Dr. Diego e Dr. Dom\u00edcio<\/figcaption><\/figure>\n\n\n\n<figure class=\"wp-block-image\"><a href=\"https:\/\/orofacialnatal.com.br\/wp-content\/uploads\/2019\/07\/Orofacil_Dez2018-674.jpg\"><img loading=\"lazy\" width=\"1000\" height=\"666\" data-id=\"453\"  src=\"https:\/\/orofacialnatal.com.br\/wp-content\/uploads\/2019\/07\/Orofacil_Dez2018-674.jpg\" alt=\"Adriana \u00e9 profissional da Orofacial Natal\" class=\"wp-image-453\" srcset=\"https:\/\/orofacialnatal.com.br\/wp-content\/uploads\/2019\/07\/Orofacil_Dez2018-674.jpg 1000w, https:\/\/orofacialnatal.com.br\/wp-content\/uploads\/2019\/07\/Orofacil_Dez2018-674-300x200.jpg 300w, https:\/\/orofacialnatal.com.br\/wp-content\/uploads\/2019\/07\/Orofacil_Dez2018-674-768x511.jpg 768w\" sizes=\"(max-width: 1000px) 100vw, 1000px\" \/><\/a><figcaption>Dra. Adriana<\/figcaption><\/figure>\n<\/figure>\n\n\n\n<div style=\"height:54px\" aria-hidden=\"true\" class=\"wp-block-spacer\"><\/div>\n","protected":false},"excerpt":{"rendered":"<p>Saiba mais sobre a Orofacial Natal Na vida estamos sempre em busca de conquistas e acolhimento em cada situa\u00e7\u00e3o, e a Orofacial Natal &#8211; Est\u00e9tica e Reabilita\u00e7\u00e3o define nosso desejo em busca de uma satisfa\u00e7\u00e3o pessoal e, em muitos momentos, este quadro \u00e9 um simples desejo em aliviar sua \u201cdor\u201d. E o que \u00e9 esta [&hellip;]<\/p>\n","protected":false},"author":1,"featured_media":422,"parent":0,"menu_order":0,"comment_status":"closed","ping_status":"closed","template":"","meta":{"_monsterinsights_skip_tracking":false,"_monsterinsights_sitenote_active":false,"_monsterinsights_sitenote_note":"","_monsterinsights_sitenote_category":0},"_links":{"self":[{"href":"https:\/\/orofacialnatal.com.br\/index.php\/wp-json\/wp\/v2\/pages\/337"}],"collection":[{"href":"https:\/\/orofacialnatal.com.br\/index.php\/wp-json\/wp\/v2\/pages"}],"about":[{"href":"https:\/\/orofacialnatal.com.br\/index.php\/wp-json\/wp\/v2\/types\/page"}],"author":[{"embeddable":true,"href":"https:\/\/orofacialnatal.com.br\/index.php\/wp-json\/wp\/v2\/users\/1"}],"replies":[{"embeddable":true,"href":"https:\/\/orofacialnatal.com.br\/index.php\/wp-json\/wp\/v2\/comments?post=337"}],"version-history":[{"count":18,"href":"https:\/\/orofacialnatal.com.br\/index.php\/wp-json\/wp\/v2\/pages\/337\/revisions"}],"predecessor-version":[{"id":834,"href":"https:\/\/orofacialnatal.com.br\/index.php\/wp-json\/wp\/v2\/pages\/337\/revisions\/834"}],"wp:featuredmedia":[{"embeddable":true,"href":"https:\/\/orofacialnatal.com.br\/index.php\/wp-json\/wp\/v2\/media\/422"}],"wp:attachment":[{"href":"https:\/\/orofacialnatal.com.br\/index.php\/wp-json\/wp\/v2\/media?parent=337"}],"curies":[{"name":"wp","href":"https:\/\/api.w.org\/{rel}","templated":true}]}}